{"id":412,"date":"2025-03-27T10:20:34","date_gmt":"2025-03-27T10:20:34","guid":{"rendered":"https:\/\/dci.upt.ro\/site\/?page_id=412"},"modified":"2025-03-27T12:42:25","modified_gmt":"2025-03-27T12:42:25","slug":"principii-design-interfata-ecosistem-digital-upt-martie-2025","status":"publish","type":"page","link":"https:\/\/dci.upt.ro\/site\/proces\/principii-design-interfata-ecosistem-digital-upt-martie-2025\/","title":{"rendered":"Principii de design de interfa\u021b\u0103 pentru ecosistemul digital UPT (martie 2025)"},"content":{"rendered":"\n<p>Echipa a \u00eenceput s\u0103 dezvolte un sistem de design pentru platforma digital\u0103 a Universit\u0103\u021bii Politehnica Timi\u0219oara. Documentul ata\u0219at enumer\u0103 opt principii cheie de design de interfa\u021b\u0103 care stau la baza unei experien\u021be digitale coerente \u0219i eficiente: tipografie accesibil\u0103, palet\u0103 cromatic\u0103 adaptiv\u0103, modularitate \u0219i scalabilitate, claritate \u00een navigare, design adaptiv pentru toate dispozitivele, accesibilitate digital\u0103 conform WCAG 2.1 AA, integrare cu sistemele existente, \u0219i testare iterativ\u0103 cu feedback continuu.<\/p>\n\n\n\n<p>Documentul include numeroase exemple vizuale de implementare a acestor principii, prezent\u00e2nd screenshot-uri din viitoarea platform\u0103 digital\u0103 UPT. Sunt ilustrate pagini pentru domenii de studiu, calendarul admiterii, informa\u021bii despre burse, articole \u0219i con\u021binut multimedia. <\/p>\n\n\n\n<p>Sistemul de design urm\u0103re\u0219te s\u0103 creeze o infrastructur\u0103 digital\u0103 modern\u0103 \u0219i coerent\u0103, dezvoltat\u0103 de o echip\u0103 multidisciplinar\u0103 de exper\u021bi \u00een UI\/UX design, cu accent pe accesibilitate, consisten\u021b\u0103 vizual\u0103 \u0219i adaptabilitate la diferite dispozitive. Proiectul pilot se va concentra pe procesul de ofertare de studii \u0219i admitere, urm\u00e2nd s\u0103 fie extins ulterior la \u00eentregul ecosistem digital al universit\u0103\u021bii.<\/p>\n\n\n\n<p><\/p>\n\n\n\n<div class=\"wp-block-group is-layout-flex wp-block-group-is-layout-flex\">\n<div class=\"wp-block-buttons is-content-justification-left is-layout-flex wp-container-core-buttons-is-layout-fc4fd283 wp-block-buttons-is-layout-flex\">\n<div class=\"wp-block-button has-custom-width wp-block-button__width-100 is-style-fill\"><a class=\"wp-block-button__link wp-element-button\" href=\"https:\/\/uptro29158-my.sharepoint.com\/:b:\/g\/personal\/silviu_vert_upt_ro\/Ed5t1wczfstBhb0p3NHkuDIBkBaB1lMuVsCwsz14TZexGw?e=Srn2ZL\">DESCARC\u0102 PROPUNEREA DE DESIGN DE INTERFA\u021a\u0102<\/a><\/div>\n<\/div>\n\n\n\n<p>(acces cu cont institu\u021bional UPT)<\/p>\n<\/div>\n\n\n\n<div class=\"wp-block-group has-global-padding is-layout-constrained wp-container-core-group-is-layout-7db9d80f wp-block-group-is-layout-constrained\" style=\"padding-right:0;padding-left:0\">\n<p class=\"has-accent-background-color has-background\">Feedback-ul este binevenit la <a href=\"mailto:website@upt.ro\">website@upt.ro<\/a>.<\/p>\n<\/div>\n","protected":false},"excerpt":{"rendered":"<p>Echipa a \u00eenceput s\u0103 dezvolte un sistem de design pentru platforma digital\u0103 a Universit\u0103\u021bii Politehnica Timi\u0219oara. Documentul ata\u0219at enumer\u0103 opt principii cheie de design de interfa\u021b\u0103 care stau la baza unei experien\u021be digitale coerente \u0219i eficiente: tipografie accesibil\u0103, palet\u0103 cromatic\u0103 adaptiv\u0103, modularitate \u0219i scalabilitate, claritate \u00een navigare, design adaptiv pentru toate dispozitivele, accesibilitate digital\u0103 conform [&hellip;]<\/p>\n","protected":false},"author":1,"featured_media":0,"parent":184,"menu_order":15,"comment_status":"closed","ping_status":"closed","template":"","meta":{"footnotes":""},"class_list":["post-412","page","type-page","status-publish","hentry"],"_links":{"self":[{"href":"https:\/\/dci.upt.ro\/site\/wp-json\/wp\/v2\/pages\/412","targetHints":{"allow":["GET"]}}],"collection":[{"href":"https:\/\/dci.upt.ro\/site\/wp-json\/wp\/v2\/pages"}],"about":[{"href":"https:\/\/dci.upt.ro\/site\/wp-json\/wp\/v2\/types\/page"}],"author":[{"embeddable":true,"href":"https:\/\/dci.upt.ro\/site\/wp-json\/wp\/v2\/users\/1"}],"replies":[{"embeddable":true,"href":"https:\/\/dci.upt.ro\/site\/wp-json\/wp\/v2\/comments?post=412"}],"version-history":[{"count":5,"href":"https:\/\/dci.upt.ro\/site\/wp-json\/wp\/v2\/pages\/412\/revisions"}],"predecessor-version":[{"id":417,"href":"https:\/\/dci.upt.ro\/site\/wp-json\/wp\/v2\/pages\/412\/revisions\/417"}],"up":[{"embeddable":true,"href":"https:\/\/dci.upt.ro\/site\/wp-json\/wp\/v2\/pages\/184"}],"wp:attachment":[{"href":"https:\/\/dci.upt.ro\/site\/wp-json\/wp\/v2\/media?parent=412"}],"curies":[{"name":"wp","href":"https:\/\/api.w.org\/{rel}","templated":true}]}}