{"id":243,"date":"2025-02-23T19:14:02","date_gmt":"2025-02-23T19:14:02","guid":{"rendered":"https:\/\/dci.upt.ro\/site\/?page_id=243"},"modified":"2025-02-26T17:04:33","modified_gmt":"2025-02-26T17:04:33","slug":"ghid-de-stil-editorial-februarie-2025","status":"publish","type":"page","link":"https:\/\/dci.upt.ro\/site\/proces\/ghid-de-stil-editorial-februarie-2025\/","title":{"rendered":"Ghid de stil editorial (februarie 2025)"},"content":{"rendered":"\n<p>Ghidul de stil editorial ofer\u0103 \u00eendrum\u0103ri comprehensive pentru redactarea \u0219i organizarea con\u021binutului web al Universit\u0103\u021bii Politehnica Timi\u0219oara, cu accent pe sec\u021biunea dedicat\u0103 ofertei educa\u021bionale \u0219i admiterii. Documentul stabile\u0219te standarde de stil pentru a asigura calitatea \u0219i coeren\u021ba con\u021binutului, reflect\u00e2nd principiile \u0219i prestigiul universit\u0103\u021bii, fiind bazat pe normele Academiei Rom\u00e2ne \u0219i pe bune practici editoriale.<\/p>\n\n\n\n<p>Ghidul pune accent pe un ton abordabil \u0219i \u00eencurajator, folosind preponderent adresarea direct\u0103 la persoana a doua singular (&#8220;tu&#8221;) pentru comunicarea cu studen\u021bii \u0219i candida\u021bii. Con\u021binutul trebuie s\u0103 fie clar, concis \u0219i adaptat pentru web, structurat logic prin titluri descriptive \u0219i paragrafe scurte. <\/p>\n\n\n\n<p>O aten\u021bie deosebit\u0103 este acordat\u0103 accesibilit\u0103\u021bii, urm\u0103rind standardele WCAG pentru a face con\u021binutul perceptibil, operabil \u0219i u\u0219or de \u00een\u021beles pentru to\u021bi utilizatorii, inclusiv cei cu dizabilit\u0103\u021bi.<\/p>\n\n\n\n<p>Documentul include sec\u021biuni detaliate despre formatare, punctua\u021bie, utilizarea diacriticelor, scrierea numerelor \u0219i datelor, precum \u0219i recomand\u0103ri pentru crearea unui con\u021binut incluziv care respect\u0103 diversitatea. <\/p>\n\n\n\n<div class=\"wp-block-group is-layout-flex wp-block-group-is-layout-flex\">\n<div class=\"wp-block-buttons is-content-justification-left is-layout-flex wp-container-core-buttons-is-layout-fc4fd283 wp-block-buttons-is-layout-flex\">\n<div class=\"wp-block-button has-custom-width wp-block-button__width-100 is-style-fill\"><a class=\"wp-block-button__link wp-element-button\" href=\"https:\/\/uptro29158-my.sharepoint.com\/:b:\/g\/personal\/silviu_vert_upt_ro\/EWTgY-1nBdRNkjdExGI2t2AB4rH7_zmUqc7WLrF1oB6KYw\">DESCARC\u0102 GHIDUL DE STIL EDITORIAL<\/a><\/div>\n<\/div>\n\n\n\n<p>(acces cu cont institu\u021bional UPT)<\/p>\n<\/div>\n\n\n\n<div class=\"wp-block-group has-global-padding is-layout-constrained wp-container-core-group-is-layout-7db9d80f wp-block-group-is-layout-constrained\" style=\"padding-right:0;padding-left:0\">\n<p class=\"has-accent-background-color has-background\">Feedback-ul este binevenit la <a href=\"mailto:website@upt.ro\">website@upt.ro<\/a>.<\/p>\n<\/div>\n","protected":false},"excerpt":{"rendered":"<p>Ghidul de stil editorial ofer\u0103 \u00eendrum\u0103ri comprehensive pentru redactarea \u0219i organizarea con\u021binutului web al Universit\u0103\u021bii Politehnica Timi\u0219oara, cu accent pe sec\u021biunea dedicat\u0103 ofertei educa\u021bionale \u0219i admiterii. Documentul stabile\u0219te standarde de stil pentru a asigura calitatea \u0219i coeren\u021ba con\u021binutului, reflect\u00e2nd principiile \u0219i prestigiul universit\u0103\u021bii, fiind bazat pe normele Academiei Rom\u00e2ne \u0219i pe bune practici editoriale. Ghidul [&hellip;]<\/p>\n","protected":false},"author":1,"featured_media":0,"parent":184,"menu_order":10,"comment_status":"closed","ping_status":"closed","template":"","meta":{"footnotes":""},"class_list":["post-243","page","type-page","status-publish","hentry"],"_links":{"self":[{"href":"https:\/\/dci.upt.ro\/site\/wp-json\/wp\/v2\/pages\/243","targetHints":{"allow":["GET"]}}],"collection":[{"href":"https:\/\/dci.upt.ro\/site\/wp-json\/wp\/v2\/pages"}],"about":[{"href":"https:\/\/dci.upt.ro\/site\/wp-json\/wp\/v2\/types\/page"}],"author":[{"embeddable":true,"href":"https:\/\/dci.upt.ro\/site\/wp-json\/wp\/v2\/users\/1"}],"replies":[{"embeddable":true,"href":"https:\/\/dci.upt.ro\/site\/wp-json\/wp\/v2\/comments?post=243"}],"version-history":[{"count":5,"href":"https:\/\/dci.upt.ro\/site\/wp-json\/wp\/v2\/pages\/243\/revisions"}],"predecessor-version":[{"id":336,"href":"https:\/\/dci.upt.ro\/site\/wp-json\/wp\/v2\/pages\/243\/revisions\/336"}],"up":[{"embeddable":true,"href":"https:\/\/dci.upt.ro\/site\/wp-json\/wp\/v2\/pages\/184"}],"wp:attachment":[{"href":"https:\/\/dci.upt.ro\/site\/wp-json\/wp\/v2\/media?parent=243"}],"curies":[{"name":"wp","href":"https:\/\/api.w.org\/{rel}","templated":true}]}}