{"id":208,"date":"2025-02-22T16:31:02","date_gmt":"2025-02-22T16:31:02","guid":{"rendered":"https:\/\/dci.upt.ro\/site\/?page_id=208"},"modified":"2025-02-26T16:56:53","modified_gmt":"2025-02-26T16:56:53","slug":"propunere-tehnica-decembrie-2024","status":"publish","type":"page","link":"https:\/\/dci.upt.ro\/site\/proces\/propunere-tehnica-decembrie-2024\/","title":{"rendered":"Propunere tehnic\u0103 pentru noul site UPT (decembrie 2024)"},"content":{"rendered":"\n<p>Echipa a realizat o propunere tehnic\u0103 pentru faza pilot a reproiect\u0103rii ecosistemului digital UPT, cu accent pe crearea unui portal accesibil care s\u0103 serveasc\u0103 drept model pentru implement\u0103ri viitoare. Principalele direc\u021bii de lucru includ implementarea unui Design System cu componente reutilizabile, adoptarea unui CMS headless pentru gestionarea eficient\u0103 a con\u021binutului, dezvoltarea unui frontend securizat \u0219i accesibil, precum \u0219i implementarea unui backend bazat pe GraphQL.<\/p>\n\n\n\n<p>Din punct de vedere tehnic, solu\u021bia propus\u0103 se bazeaz\u0103 pe tehnologii moderne \u0219i mature precum TypeScript \u0219i React pentru frontend (cu NextJS ca framework), Directus ca sistem de management al con\u021binutului \u0219i Hasura pentru layerul GraphQL de acces la date. Pentru infrastructur\u0103, se propune utilizarea unor servicii cloud robuste precum Vercel pentru g\u0103zduirea aplica\u021biei, Amazon Aurora RDS pentru baza de date \u0219i solu\u021bii CDN (Cloudflare sau Amazon Cloudfront) pentru optimizarea livr\u0103rii con\u021binutului. Arhitectura include \u0219i componente pentru c\u0103utare (Meilisearch), monitorizare (Sentry) \u0219i analitic\u0103 (Posthog\/Openpanel).<\/p>\n\n\n\n<div class=\"wp-block-group is-layout-flex wp-block-group-is-layout-flex\">\n<div class=\"wp-block-buttons is-content-justification-left is-layout-flex wp-container-core-buttons-is-layout-fc4fd283 wp-block-buttons-is-layout-flex\">\n<div class=\"wp-block-button has-custom-width wp-block-button__width-100 is-style-fill\"><a class=\"wp-block-button__link wp-element-button\" href=\"https:\/\/uptro29158-my.sharepoint.com\/:b:\/g\/personal\/silviu_vert_upt_ro\/EdlQoOXd3RhBqdrjK2qsp4QBkZDMDZKzJQUehOUwEcS1DQ?e=5ZstDu\">DESCARC\u0102 PROPUNEREA TEHNIC\u0102<\/a><\/div>\n<\/div>\n\n\n\n<p>(acces cu cont institu\u021bional UPT)<\/p>\n<\/div>\n\n\n\n<div class=\"wp-block-group has-global-padding is-layout-constrained wp-container-core-group-is-layout-7db9d80f wp-block-group-is-layout-constrained\" style=\"padding-right:0;padding-left:0\">\n<p class=\"has-accent-background-color has-background\">Feedback-ul este binevenit la <a href=\"mailto:website@upt.ro\">website@upt.ro<\/a>.<\/p>\n<\/div>\n","protected":false},"excerpt":{"rendered":"<p>Echipa a realizat o propunere tehnic\u0103 pentru faza pilot a reproiect\u0103rii ecosistemului digital UPT, cu accent pe crearea unui portal accesibil care s\u0103 serveasc\u0103 drept model pentru implement\u0103ri viitoare. Principalele direc\u021bii de lucru includ implementarea unui Design System cu componente reutilizabile, adoptarea unui CMS headless pentru gestionarea eficient\u0103 a con\u021binutului, dezvoltarea unui frontend securizat \u0219i [&hellip;]<\/p>\n","protected":false},"author":1,"featured_media":0,"parent":184,"menu_order":7,"comment_status":"closed","ping_status":"closed","template":"","meta":{"footnotes":""},"class_list":["post-208","page","type-page","status-publish","hentry"],"_links":{"self":[{"href":"https:\/\/dci.upt.ro\/site\/wp-json\/wp\/v2\/pages\/208","targetHints":{"allow":["GET"]}}],"collection":[{"href":"https:\/\/dci.upt.ro\/site\/wp-json\/wp\/v2\/pages"}],"about":[{"href":"https:\/\/dci.upt.ro\/site\/wp-json\/wp\/v2\/types\/page"}],"author":[{"embeddable":true,"href":"https:\/\/dci.upt.ro\/site\/wp-json\/wp\/v2\/users\/1"}],"replies":[{"embeddable":true,"href":"https:\/\/dci.upt.ro\/site\/wp-json\/wp\/v2\/comments?post=208"}],"version-history":[{"count":5,"href":"https:\/\/dci.upt.ro\/site\/wp-json\/wp\/v2\/pages\/208\/revisions"}],"predecessor-version":[{"id":333,"href":"https:\/\/dci.upt.ro\/site\/wp-json\/wp\/v2\/pages\/208\/revisions\/333"}],"up":[{"embeddable":true,"href":"https:\/\/dci.upt.ro\/site\/wp-json\/wp\/v2\/pages\/184"}],"wp:attachment":[{"href":"https:\/\/dci.upt.ro\/site\/wp-json\/wp\/v2\/media?parent=208"}],"curies":[{"name":"wp","href":"https:\/\/api.w.org\/{rel}","templated":true}]}}