{"id":184,"date":"2025-02-22T11:16:17","date_gmt":"2025-02-22T11:16:17","guid":{"rendered":"https:\/\/dci.upt.ro\/site\/?page_id=184"},"modified":"2025-02-26T09:15:09","modified_gmt":"2025-02-26T09:15:09","slug":"proces","status":"publish","type":"page","link":"https:\/\/dci.upt.ro\/site\/proces\/","title":{"rendered":"Proces"},"content":{"rendered":"\n<p>Procesul amplu de cercetare, analiz\u0103 \u0219i proiectare a noului ecosistem digital a generat de-a lungul timpului o serie de analize \u0219i propuneri supuse consult\u0103rii cu comunitatea UPT. Feedback-ul continuu este esen\u021bial pentru a ne asigura c\u0103 noul site r\u0103spunde eficient nevoilor tuturor utilizatorilor s\u0103i.<\/p>\n\n\n<ul style=\"line-height:1.7;\" class=\"wp-block-page-list\"><li class=\"wp-block-pages-list__item\"><a class=\"wp-block-pages-list__item__link\" href=\"https:\/\/dci.upt.ro\/site\/proces\/cercetare-initiala-martie-2024\/\">Cercetare ini\u021bial\u0103: provoc\u0103ri \u0219i solu\u021bii pentru noul site UPT (martie 2024)<\/a><\/li><li class=\"wp-block-pages-list__item has-child\"><a class=\"wp-block-pages-list__item__link\" href=\"https:\/\/dci.upt.ro\/site\/proces\/cercetare-ux-admitere-educatie-august-2024\/\">Cercetare UX pe procesul de admitere \u0219i oferta educa\u021bional\u0103 din UPT (august 2024)<\/a><ul class=\"wp-block-navigation__submenu-container\"><li class=\"wp-block-pages-list__item \"><a class=\"wp-block-pages-list__item__link\" href=\"https:\/\/dci.upt.ro\/site\/proces\/cercetare-ux-admitere-educatie-august-2024\/introducere-metodologie\/\">Introducere \u0219i metodologie (cercetare UX, august 2024)<\/a><\/li><li class=\"wp-block-pages-list__item \"><a class=\"wp-block-pages-list__item__link\" href=\"https:\/\/dci.upt.ro\/site\/proces\/cercetare-ux-admitere-educatie-august-2024\/rezultate-interviuri-chestionare\/\">Rezultatele interviurilor \u0219i chestionarelor (cercetare UX, august 2024)<\/a><\/li><li class=\"wp-block-pages-list__item \"><a class=\"wp-block-pages-list__item__link\" href=\"https:\/\/dci.upt.ro\/site\/proces\/cercetare-ux-admitere-educatie-august-2024\/analiza-regulament-admitere\/\">Analiza regulamentului de admitere (cercetare UX, august 2024)<\/a><\/li><li class=\"wp-block-pages-list__item \"><a class=\"wp-block-pages-list__item__link\" href=\"https:\/\/dci.upt.ro\/site\/proces\/cercetare-ux-admitere-educatie-august-2024\/analiza-ecosistem-digital-existent\/\">Analiza ecosistemului digital existent (cercetare UX, august 2024)<\/a><\/li><li class=\"wp-block-pages-list__item \"><a class=\"wp-block-pages-list__item__link\" href=\"https:\/\/dci.upt.ro\/site\/proces\/cercetare-ux-admitere-educatie-august-2024\/bune-practici-internationale-recomandari\/\">Bune practici interna\u021bionale \u0219i recomand\u0103ri pentru UPT (cercetare UX, august 2024)<\/a><\/li><li class=\"wp-block-pages-list__item \"><a class=\"wp-block-pages-list__item__link\" href=\"https:\/\/dci.upt.ro\/site\/proces\/cercetare-ux-admitere-educatie-august-2024\/tipologii-candidati-admitere\/\">Tipologii de candida\u021bi la admitere (cercetare UX, august 2024)<\/a><\/li><li class=\"wp-block-pages-list__item \"><a class=\"wp-block-pages-list__item__link\" href=\"https:\/\/dci.upt.ro\/site\/proces\/cercetare-ux-admitere-educatie-august-2024\/harta-provocari-nevoi-candidati-admitere\/\">Harta provoc\u0103rilor \u0219i nevoilor candida\u021bilor la admitere (cercetare UX, august 2024)<\/a><\/li><li class=\"wp-block-pages-list__item \"><a class=\"wp-block-pages-list__item__link\" href=\"https:\/\/dci.upt.ro\/site\/proces\/cercetare-ux-admitere-educatie-august-2024\/concluzii-recomandari-dezvoltare-site-nou\/\">Concluzii \u0219i recomand\u0103ri pentru dezvoltarea noului site UPT (cercetare UX, august 2024)<\/a><\/li><\/ul><\/li><li class=\"wp-block-pages-list__item\"><a class=\"wp-block-pages-list__item__link\" href=\"https:\/\/dci.upt.ro\/site\/proces\/propunere-tehnica-decembrie-2024\/\">Propunere tehnic\u0103 pentru noul site UPT (decembrie 2024)<\/a><\/li><li class=\"wp-block-pages-list__item\"><a class=\"wp-block-pages-list__item__link\" href=\"https:\/\/dci.upt.ro\/site\/proces\/ghid-de-stil-editorial-februarie-2025\/\">Ghid de stil editorial (februarie 2025)<\/a><\/li><li class=\"wp-block-pages-list__item\"><a class=\"wp-block-pages-list__item__link\" href=\"https:\/\/dci.upt.ro\/site\/proces\/propunere-arhitectura-continut-educatie-admitere-februarie-2025\/\">Propunere de arhitectur\u0103 de con\u021binut pentru oferta educa\u021bional\u0103 \u0219i admitere (februarie 2025, reactualizat\u0103 martie 2025)<\/a><\/li><li class=\"wp-block-pages-list__item\"><a class=\"wp-block-pages-list__item__link\" href=\"https:\/\/dci.upt.ro\/site\/proces\/principii-design-interfata-ecosistem-digital-upt-martie-2025\/\">Principii de design de interfa\u021b\u0103 pentru ecosistemul digital UPT (martie 2025)<\/a><\/li><\/ul>","protected":false},"excerpt":{"rendered":"<p>Procesul amplu de cercetare, analiz\u0103 \u0219i proiectare a noului ecosistem digital a generat de-a lungul timpului o serie de analize \u0219i propuneri supuse consult\u0103rii cu comunitatea UPT. Feedback-ul continuu este esen\u021bial pentru a ne asigura c\u0103 noul site r\u0103spunde eficient nevoilor tuturor utilizatorilor s\u0103i.<\/p>\n","protected":false},"author":1,"featured_media":0,"parent":0,"menu_order":0,"comment_status":"closed","ping_status":"closed","template":"","meta":{"footnotes":""},"class_list":["post-184","page","type-page","status-publish","hentry"],"_links":{"self":[{"href":"https:\/\/dci.upt.ro\/site\/wp-json\/wp\/v2\/pages\/184","targetHints":{"allow":["GET"]}}],"collection":[{"href":"https:\/\/dci.upt.ro\/site\/wp-json\/wp\/v2\/pages"}],"about":[{"href":"https:\/\/dci.upt.ro\/site\/wp-json\/wp\/v2\/types\/page"}],"author":[{"embeddable":true,"href":"https:\/\/dci.upt.ro\/site\/wp-json\/wp\/v2\/users\/1"}],"replies":[{"embeddable":true,"href":"https:\/\/dci.upt.ro\/site\/wp-json\/wp\/v2\/comments?post=184"}],"version-history":[{"count":11,"href":"https:\/\/dci.upt.ro\/site\/wp-json\/wp\/v2\/pages\/184\/revisions"}],"predecessor-version":[{"id":271,"href":"https:\/\/dci.upt.ro\/site\/wp-json\/wp\/v2\/pages\/184\/revisions\/271"}],"wp:attachment":[{"href":"https:\/\/dci.upt.ro\/site\/wp-json\/wp\/v2\/media?parent=184"}],"curies":[{"name":"wp","href":"https:\/\/api.w.org\/{rel}","templated":true}]}}