{"id":167,"date":"2025-02-21T16:10:28","date_gmt":"2025-02-21T16:10:28","guid":{"rendered":"https:\/\/dci.upt.ro\/site\/?page_id=167"},"modified":"2025-03-27T10:17:49","modified_gmt":"2025-03-27T10:17:49","slug":"propunere-arhitectura-continut-educatie-admitere-februarie-2025","status":"publish","type":"page","link":"https:\/\/dci.upt.ro\/site\/proces\/propunere-arhitectura-continut-educatie-admitere-februarie-2025\/","title":{"rendered":"Propunere de arhitectur\u0103 de con\u021binut pentru oferta educa\u021bional\u0103 \u0219i admitere (februarie 2025, reactualizat\u0103 martie 2025)"},"content":{"rendered":"\n<p>Echipa a realizat o propunere de arhitectura de con\u021binut pentru pilotul noului site al UPT, av\u00e2nd ca obiectiv principal organizarea clar\u0103 a informa\u021biilor privind oferta educa\u021bional\u0103 \u0219i procesul de admitere. <\/p>\n\n\n\n<p>Structura con\u021binutului este \u00eemp\u0103r\u021bit\u0103 \u00een mai multe sec\u021biuni esen\u021biale, incluz\u00e2nd prezentarea universit\u0103\u021bii, detalii despre programele de studii (licen\u021b\u0103, masterat, doctorat, \u00eenv\u0103\u021b\u0103m\u00e2nt la distan\u021b\u0103 \u0219i dual), precum \u0219i ghiduri detaliate despre procesul de admitere.<\/p>\n\n\n\n<p>Pentru a facilita navigarea utilizatorilor, site-ul va include pagini dedicate fiec\u0103rei facult\u0103\u021bi \u0219i specializ\u0103ri, list\u0103ri organizate pe domenii \u0219i programe, precum \u0219i resurse utile pentru candida\u021bi, cum ar fi documente, taxe, calendare de admitere \u0219i informa\u021bii despre burse. <\/p>\n\n\n\n<p>Pe l\u00e2ng\u0103 acestea, site-ul va include sec\u021biuni despre via\u021ba studen\u021beasc\u0103, oportunit\u0103\u021bile de carier\u0103 \u0219i parteneriatele interna\u021bionale. Se vor integra \u0219i elemente interactive, precum calculatoare de medii \u0219i sisteme de suport pentru candida\u021bi, cu informa\u021bii centralizate despre centrele de admitere \u0219i contactele relevante. <\/p>\n\n\n\n<p>Aceast\u0103 arhitectur\u0103 \u00ee\u0219i propune s\u0103 \u00eembun\u0103t\u0103\u021beasc\u0103 experien\u021ba utilizatorului, oferind acces rapid \u0219i intuitiv la informa\u021biile esen\u021biale pentru viitorii studen\u021bi ai UPT.<\/p>\n\n\n\n<div class=\"wp-block-group is-layout-flex wp-block-group-is-layout-flex\">\n<div class=\"wp-block-buttons is-content-justification-left is-layout-flex wp-container-core-buttons-is-layout-fc4fd283 wp-block-buttons-is-layout-flex\">\n<div class=\"wp-block-button has-custom-width wp-block-button__width-100 is-style-fill\"><a class=\"wp-block-button__link wp-element-button\" href=\"https:\/\/uptro29158-my.sharepoint.com\/:b:\/g\/personal\/silviu_vert_upt_ro\/EX52VxafOjFElU6c87sSW-EBVWncRyUM9GM2gjMnLRvm1w?e=OcGfIp\">DESCARC\u0102 PROPUNEREA DE ARHITECTUR\u0102 DE CON\u021aINUT<\/a><\/div>\n<\/div>\n\n\n\n<p>(acces cu cont institu\u021bional UPT)<\/p>\n<\/div>\n\n\n\n<div class=\"wp-block-group has-global-padding is-layout-constrained wp-container-core-group-is-layout-7db9d80f wp-block-group-is-layout-constrained\" style=\"padding-right:0;padding-left:0\">\n<p class=\"has-accent-background-color has-background\">Feedback-ul este binevenit la <a href=\"mailto:website@upt.ro\">website@upt.ro<\/a>.<\/p>\n<\/div>\n","protected":false},"excerpt":{"rendered":"<p>Echipa a realizat o propunere de arhitectura de con\u021binut pentru pilotul noului site al UPT, av\u00e2nd ca obiectiv principal organizarea clar\u0103 a informa\u021biilor privind oferta educa\u021bional\u0103 \u0219i procesul de admitere. Structura con\u021binutului este \u00eemp\u0103r\u021bit\u0103 \u00een mai multe sec\u021biuni esen\u021biale, incluz\u00e2nd prezentarea universit\u0103\u021bii, detalii despre programele de studii (licen\u021b\u0103, masterat, doctorat, \u00eenv\u0103\u021b\u0103m\u00e2nt la distan\u021b\u0103 \u0219i dual), [&hellip;]<\/p>\n","protected":false},"author":1,"featured_media":0,"parent":184,"menu_order":13,"comment_status":"closed","ping_status":"closed","template":"","meta":{"footnotes":""},"class_list":["post-167","page","type-page","status-publish","hentry"],"_links":{"self":[{"href":"https:\/\/dci.upt.ro\/site\/wp-json\/wp\/v2\/pages\/167","targetHints":{"allow":["GET"]}}],"collection":[{"href":"https:\/\/dci.upt.ro\/site\/wp-json\/wp\/v2\/pages"}],"about":[{"href":"https:\/\/dci.upt.ro\/site\/wp-json\/wp\/v2\/types\/page"}],"author":[{"embeddable":true,"href":"https:\/\/dci.upt.ro\/site\/wp-json\/wp\/v2\/users\/1"}],"replies":[{"embeddable":true,"href":"https:\/\/dci.upt.ro\/site\/wp-json\/wp\/v2\/comments?post=167"}],"version-history":[{"count":8,"href":"https:\/\/dci.upt.ro\/site\/wp-json\/wp\/v2\/pages\/167\/revisions"}],"predecessor-version":[{"id":411,"href":"https:\/\/dci.upt.ro\/site\/wp-json\/wp\/v2\/pages\/167\/revisions\/411"}],"up":[{"embeddable":true,"href":"https:\/\/dci.upt.ro\/site\/wp-json\/wp\/v2\/pages\/184"}],"wp:attachment":[{"href":"https:\/\/dci.upt.ro\/site\/wp-json\/wp\/v2\/media?parent=167"}],"curies":[{"name":"wp","href":"https:\/\/api.w.org\/{rel}","templated":true}]}}