{"id":164,"date":"2024-03-31T15:49:35","date_gmt":"2024-03-31T15:49:35","guid":{"rendered":"https:\/\/dci.upt.ro\/site\/?page_id=164"},"modified":"2025-02-26T17:15:38","modified_gmt":"2025-02-26T17:15:38","slug":"cercetare-initiala-martie-2024","status":"publish","type":"page","link":"https:\/\/dci.upt.ro\/site\/proces\/cercetare-initiala-martie-2024\/","title":{"rendered":"Cercetare ini\u021bial\u0103: provoc\u0103ri \u0219i solu\u021bii pentru noul site UPT (martie 2024)"},"content":{"rendered":"\n<p>Echipa de proiect a realizat o analiz\u0103 a provoc\u0103rilor \u0219i solu\u021biilor identificate pentru \u00eembun\u0103t\u0103\u021birea site-ului Universit\u0103\u021bii Politehnica Timi\u0219oara. Analiza se bazeaz\u0103 pe 54 de ore de interviuri cu 85 de persoane din comunitatea noastr\u0103 academic\u0103.<\/p>\n\n\n\n<p>Problemele principale identificate includ: con\u021binut alambicat \u0219i greu de g\u0103sit, structur\u0103 complicat\u0103, design \u00eenvechit, traducere insuficient\u0103 \u00een limba englez\u0103, interfa\u021b\u0103 de administrare dificil\u0103 \u0219i fragmentarea aplica\u021biilor digitale ale universit\u0103\u021bii.<\/p>\n\n\n\n<p>Recomand\u0103rile principale vizeaz\u0103: restructurarea con\u021binutului pentru a fi concis, relevant \u0219i prioritizat \u00een func\u021bie de profilul vizitatorului; simplificarea navig\u0103rii \u0219i a limbajului folosit; implementarea unui design modern \u0219i responsiv pentru toate dispozitivele; crearea de pagini de profil pentru angaja\u021bi; traducerea complet\u0103 \u00een englez\u0103 \u0219i posibil \u00een francez\u0103 \u0219i german\u0103; standardizarea documentelor; \u00eembun\u0103t\u0103\u021birea func\u021biei de c\u0103utare; \u0219i dezvoltarea unui Intranet pentru comunicarea intern\u0103. <\/p>\n\n\n\n<p>De asemenea, se propune \u00eembun\u0103t\u0103\u021birea sistemului de notific\u0103ri, crearea unei echipe dedicate gestion\u0103rii prezen\u021bei digitale a UPT \u0219i dezvoltarea de aplica\u021bii integrate pentru diverse procese administrative.<\/p>\n\n\n\n<div class=\"wp-block-group is-layout-flex wp-block-group-is-layout-flex\">\n<div class=\"wp-block-buttons is-content-justification-left is-layout-flex wp-container-core-buttons-is-layout-fc4fd283 wp-block-buttons-is-layout-flex\">\n<div class=\"wp-block-button has-custom-width wp-block-button__width-100 is-style-fill\"><a class=\"wp-block-button__link wp-element-button\" href=\"https:\/\/uptro29158-my.sharepoint.com\/:b:\/g\/personal\/silviu_vert_upt_ro\/ESl7ZE-_XylNm2Py3AAyhh4BIxctdJlbUXBhegRwbEvwpA?e=gduYE9\">DESCARC\u0102 CERCETAREA<\/a><\/div>\n<\/div>\n\n\n\n<p>(acces cu cont institu\u021bional UPT)<\/p>\n<\/div>\n\n\n\n<div class=\"wp-block-group has-global-padding is-layout-constrained wp-container-core-group-is-layout-7db9d80f wp-block-group-is-layout-constrained\" style=\"padding-right:0;padding-left:0\">\n<p class=\"has-accent-background-color has-background\">Feedback-ul este binevenit la <a href=\"mailto:website@upt.ro\">website@upt.ro<\/a>.<\/p>\n<\/div>\n","protected":false},"excerpt":{"rendered":"<p>Echipa de proiect a realizat o analiz\u0103 a provoc\u0103rilor \u0219i solu\u021biilor identificate pentru \u00eembun\u0103t\u0103\u021birea site-ului Universit\u0103\u021bii Politehnica Timi\u0219oara. Analiza se bazeaz\u0103 pe 54 de ore de interviuri cu 85 de persoane din comunitatea noastr\u0103 academic\u0103. Problemele principale identificate includ: con\u021binut alambicat \u0219i greu de g\u0103sit, structur\u0103 complicat\u0103, design \u00eenvechit, traducere insuficient\u0103 \u00een limba englez\u0103, interfa\u021b\u0103 [&hellip;]<\/p>\n","protected":false},"author":1,"featured_media":0,"parent":184,"menu_order":1,"comment_status":"closed","ping_status":"closed","template":"","meta":{"footnotes":""},"class_list":["post-164","page","type-page","status-publish","hentry"],"_links":{"self":[{"href":"https:\/\/dci.upt.ro\/site\/wp-json\/wp\/v2\/pages\/164","targetHints":{"allow":["GET"]}}],"collection":[{"href":"https:\/\/dci.upt.ro\/site\/wp-json\/wp\/v2\/pages"}],"about":[{"href":"https:\/\/dci.upt.ro\/site\/wp-json\/wp\/v2\/types\/page"}],"author":[{"embeddable":true,"href":"https:\/\/dci.upt.ro\/site\/wp-json\/wp\/v2\/users\/1"}],"replies":[{"embeddable":true,"href":"https:\/\/dci.upt.ro\/site\/wp-json\/wp\/v2\/comments?post=164"}],"version-history":[{"count":23,"href":"https:\/\/dci.upt.ro\/site\/wp-json\/wp\/v2\/pages\/164\/revisions"}],"predecessor-version":[{"id":341,"href":"https:\/\/dci.upt.ro\/site\/wp-json\/wp\/v2\/pages\/164\/revisions\/341"}],"up":[{"embeddable":true,"href":"https:\/\/dci.upt.ro\/site\/wp-json\/wp\/v2\/pages\/184"}],"wp:attachment":[{"href":"https:\/\/dci.upt.ro\/site\/wp-json\/wp\/v2\/media?parent=164"}],"curies":[{"name":"wp","href":"https:\/\/api.w.org\/{rel}","templated":true}]}}