{"id":159,"date":"2025-02-20T19:37:45","date_gmt":"2025-02-20T19:37:45","guid":{"rendered":"https:\/\/dci.upt.ro\/site\/?page_id=159"},"modified":"2025-02-26T16:45:07","modified_gmt":"2025-02-26T16:45:07","slug":"harta-provocari-nevoi-candidati-admitere","status":"publish","type":"page","link":"https:\/\/dci.upt.ro\/site\/proces\/cercetare-ux-admitere-educatie-august-2024\/harta-provocari-nevoi-candidati-admitere\/","title":{"rendered":"Harta provoc\u0103rilor \u0219i nevoilor candida\u021bilor la admitere (cercetare UX, august 2024)"},"content":{"rendered":"\n<div class=\"wp-block-group has-global-padding is-layout-constrained wp-block-group-is-layout-constrained\">\n<p class=\"has-accent-background-color has-background\">Acest articol face parte din seria dedicat\u0103 <a href=\"https:\/\/dci.upt.ro\/site\/proces\/cercetare-ux-admitere-educatie-august-2024\/\" data-type=\"page\" data-id=\"100\">cercet\u0103rii de UX pe procesul de admitere \u0219i oferta educa\u021bional\u0103 a UPT<\/a> din perspectiv\u0103 digital\u0103.<\/p>\n<\/div>\n\n\n\n<p>Cercetarea a relevat provoc\u0103rile \u0219i nevoile candida\u021bilor la admitere la UPT de-a lungul \u00eentregului parcurs, grupate pe cele patru etape principale: studiul ofertei educa\u021bionale, \u00eenscrierea (inclusiv pre\u00eenscrierea, plata taxei, ata\u0219area documentelor \u0219i trimiterea dosarului), derularea concursului (prin probe practice sau evaluarea dosarului) \u0219i confirmarea locului (\u00een mai multe runde).<\/p>\n\n\n\n<p>Principalele provoc\u0103ri identificate includ: confuzia privind diferen\u021bele \u00eentre facult\u0103\u021bi \u0219i programe similare, lipsa de \u00een\u021belegere a termenilor tehnici folosi\u021bi, dificult\u0103\u021bi \u00een utilizarea platformelor online (\u00een special de pe dispozitive mobile), anxietatea cauzat\u0103 de etapele ireversibile ale procesului, confuzia legat\u0103 de sistemul de runde de confirmare \u0219i dispersarea informa\u021biilor \u00een multiple surse.<\/p>\n\n\n\n<p>Candida\u021bii au nevoi specifice: doresc s\u0103 \u00een\u021beleag\u0103 oportunit\u0103\u021bile post-absolvire, s\u0103 afle \u0219ansele reale de admitere, s\u0103 cunoasc\u0103 costurile asociate, s\u0103 acceseze informa\u021bii clare despre documentele necesare, s\u0103 primeasc\u0103 confirm\u0103ri c\u0103 dosarul a fost procesat corect \u0219i s\u0103 primeasc\u0103 ghidare strategic\u0103 pentru maximizarea \u0219anselor de admitere.<\/p>\n\n\n\n<div class=\"wp-block-group is-layout-flex wp-block-group-is-layout-flex\">\n<div class=\"wp-block-buttons is-content-justification-left is-layout-flex wp-container-core-buttons-is-layout-fc4fd283 wp-block-buttons-is-layout-flex\">\n<div class=\"wp-block-button has-custom-width wp-block-button__width-100 is-style-fill\"><a class=\"wp-block-button__link wp-element-button\" href=\"https:\/\/uptro29158-my.sharepoint.com\/:b:\/g\/personal\/silviu_vert_upt_ro\/EVOViJwbeH1IvAZCzJBuoVIBqrzLyFJSQyk9NavG9amWOQ?e=TCZPfB\">DESCARC\u0102 HARTA PROVOC\u0102RILOR \u0218I A NEVOILOR<\/a><\/div>\n<\/div>\n\n\n\n<p>(acces cu cont institu\u021bional UPT)<\/p>\n<\/div>\n\n\n\n<div class=\"wp-block-group has-global-padding is-layout-constrained wp-container-core-group-is-layout-7db9d80f wp-block-group-is-layout-constrained\" style=\"padding-right:0;padding-left:0\">\n<p class=\"has-accent-background-color has-background\">Feedback-ul este binevenit la <a href=\"mailto:website@upt.ro\">website@upt.ro<\/a>.<\/p>\n<\/div>\n","protected":false},"excerpt":{"rendered":"<p>Cercetarea a relevat provoc\u0103rile \u0219i nevoile candida\u021bilor la admitere la UPT de-a lungul \u00eentregului parcurs, grupate pe cele patru etape principale: studiul ofertei educa\u021bionale, \u00eenscrierea (inclusiv pre\u00eenscrierea, plata taxei, ata\u0219area documentelor \u0219i trimiterea dosarului), derularea concursului (prin probe practice sau evaluarea dosarului) \u0219i confirmarea locului (\u00een mai multe runde). Principalele provoc\u0103ri identificate includ: confuzia privind [&hellip;]<\/p>\n","protected":false},"author":1,"featured_media":0,"parent":100,"menu_order":7,"comment_status":"closed","ping_status":"closed","template":"","meta":{"footnotes":""},"class_list":["post-159","page","type-page","status-publish","hentry"],"_links":{"self":[{"href":"https:\/\/dci.upt.ro\/site\/wp-json\/wp\/v2\/pages\/159","targetHints":{"allow":["GET"]}}],"collection":[{"href":"https:\/\/dci.upt.ro\/site\/wp-json\/wp\/v2\/pages"}],"about":[{"href":"https:\/\/dci.upt.ro\/site\/wp-json\/wp\/v2\/types\/page"}],"author":[{"embeddable":true,"href":"https:\/\/dci.upt.ro\/site\/wp-json\/wp\/v2\/users\/1"}],"replies":[{"embeddable":true,"href":"https:\/\/dci.upt.ro\/site\/wp-json\/wp\/v2\/comments?post=159"}],"version-history":[{"count":7,"href":"https:\/\/dci.upt.ro\/site\/wp-json\/wp\/v2\/pages\/159\/revisions"}],"predecessor-version":[{"id":329,"href":"https:\/\/dci.upt.ro\/site\/wp-json\/wp\/v2\/pages\/159\/revisions\/329"}],"up":[{"embeddable":true,"href":"https:\/\/dci.upt.ro\/site\/wp-json\/wp\/v2\/pages\/100"}],"wp:attachment":[{"href":"https:\/\/dci.upt.ro\/site\/wp-json\/wp\/v2\/media?parent=159"}],"curies":[{"name":"wp","href":"https:\/\/api.w.org\/{rel}","templated":true}]}}