{"id":132,"date":"2025-02-20T17:41:40","date_gmt":"2025-02-20T17:41:40","guid":{"rendered":"https:\/\/dci.upt.ro\/site\/?page_id=132"},"modified":"2025-02-26T16:51:01","modified_gmt":"2025-02-26T16:51:01","slug":"concluzii-recomandari-dezvoltare-site-nou","status":"publish","type":"page","link":"https:\/\/dci.upt.ro\/site\/proces\/cercetare-ux-admitere-educatie-august-2024\/concluzii-recomandari-dezvoltare-site-nou\/","title":{"rendered":"Concluzii \u0219i recomand\u0103ri pentru dezvoltarea noului site UPT (cercetare UX, august 2024)"},"content":{"rendered":"\n<div class=\"wp-block-group has-global-padding is-layout-constrained wp-block-group-is-layout-constrained\">\n<p class=\"has-accent-background-color has-background\">Acest articol face parte din seria dedicat\u0103 <a href=\"https:\/\/dci.upt.ro\/site\/proces\/cercetare-ux-admitere-educatie-august-2024\/\" data-type=\"page\" data-id=\"100\">cercet\u0103rii de UX pe procesul de admitere \u0219i oferta educa\u021bional\u0103 a UPT<\/a> din perspectiv\u0103 digital\u0103.<\/p>\n<\/div>\n\n\n\n<p>Cercetarea de UX se \u00eencheie cu o serie de concluzii \u0219i recomand\u0103ri pentru \u00eembun\u0103t\u0103\u021birea procesului de admitere \u0219i a prezent\u0103rii ofertei educa\u021bionale a UPT \u00een contextul refacerii site-ului upt.ro<\/p>\n\n\n\n<p>Echipa propune un proiect pilot axat pe reconstruc\u021bia modular\u0103 a sec\u021biunii de ofert\u0103 de studii \u0219i admitere, ca fundament pentru viitoarea platform\u0103 upt.ro. Aceast\u0103 abordare modular\u0103 ofer\u0103 avantaje precum feedback timpuriu, reducerea riscurilor \u0219i flexibilitate \u00een implementare.<\/p>\n\n\n\n<p>\u00cen urma cercet\u0103rii, au fost identificate \u0219ase priorit\u0103\u021bi principale: \u00eembun\u0103t\u0103\u021birea comunic\u0103rii prin crearea unor parcursuri coerente \u00eentre diferitele platforme \u0219i ghiduri detaliate; optimizarea platformei de \u00eenscriere Enroll; cre\u0219terea vizibilit\u0103\u021bii ofertei educa\u021bionale; adaptarea limbajului pentru a fi accesibil candida\u021bilor; dezvoltarea suportului tehnic \u0219i cre\u0219terea accesibilit\u0103\u021bii; \u0219i uniformizarea experien\u021bei \u00eentre platformele universit\u0103\u021bii \u0219i facult\u0103\u021bilor. Aceste priorit\u0103\u021bi vor ghida dezvoltarea unui sistem digital integrabil cu \u00eentregul ecosistem UPT.<\/p>\n\n\n\n<div class=\"wp-block-group is-layout-flex wp-block-group-is-layout-flex\">\n<div class=\"wp-block-buttons is-content-justification-left is-layout-flex wp-container-core-buttons-is-layout-fc4fd283 wp-block-buttons-is-layout-flex\">\n<div class=\"wp-block-button has-custom-width wp-block-button__width-100 is-style-fill\"><a class=\"wp-block-button__link wp-element-button\" href=\"https:\/\/uptro29158-my.sharepoint.com\/:b:\/g\/personal\/silviu_vert_upt_ro\/ETMTREvCxoJIrB8iTzJKryIBtXTgnKa9rG9OL_uMYvLk9Q?e=cx0Wht\">DESCARC\u0102 CONCLUZIILE \u0218I RECOMAND\u0102RILE<\/a><\/div>\n<\/div>\n\n\n\n<p>(acces cu cont institu\u021bional UPT)<\/p>\n<\/div>\n\n\n\n<div class=\"wp-block-group has-global-padding is-layout-constrained wp-container-core-group-is-layout-7db9d80f wp-block-group-is-layout-constrained\" style=\"padding-right:0;padding-left:0\">\n<p class=\"has-accent-background-color has-background\">Feedback-ul este binevenit la <a href=\"mailto:website@upt.ro\">website@upt.ro<\/a>.<\/p>\n<\/div>\n","protected":false},"excerpt":{"rendered":"<p>Cercetarea de UX se \u00eencheie cu o serie de concluzii \u0219i recomand\u0103ri pentru \u00eembun\u0103t\u0103\u021birea procesului de admitere \u0219i a prezent\u0103rii ofertei educa\u021bionale a UPT \u00een contextul refacerii site-ului upt.ro Echipa propune un proiect pilot axat pe reconstruc\u021bia modular\u0103 a sec\u021biunii de ofert\u0103 de studii \u0219i admitere, ca fundament pentru viitoarea platform\u0103 upt.ro. Aceast\u0103 abordare modular\u0103 [&hellip;]<\/p>\n","protected":false},"author":1,"featured_media":0,"parent":100,"menu_order":8,"comment_status":"closed","ping_status":"closed","template":"","meta":{"footnotes":""},"class_list":["post-132","page","type-page","status-publish","hentry"],"_links":{"self":[{"href":"https:\/\/dci.upt.ro\/site\/wp-json\/wp\/v2\/pages\/132","targetHints":{"allow":["GET"]}}],"collection":[{"href":"https:\/\/dci.upt.ro\/site\/wp-json\/wp\/v2\/pages"}],"about":[{"href":"https:\/\/dci.upt.ro\/site\/wp-json\/wp\/v2\/types\/page"}],"author":[{"embeddable":true,"href":"https:\/\/dci.upt.ro\/site\/wp-json\/wp\/v2\/users\/1"}],"replies":[{"embeddable":true,"href":"https:\/\/dci.upt.ro\/site\/wp-json\/wp\/v2\/comments?post=132"}],"version-history":[{"count":9,"href":"https:\/\/dci.upt.ro\/site\/wp-json\/wp\/v2\/pages\/132\/revisions"}],"predecessor-version":[{"id":331,"href":"https:\/\/dci.upt.ro\/site\/wp-json\/wp\/v2\/pages\/132\/revisions\/331"}],"up":[{"embeddable":true,"href":"https:\/\/dci.upt.ro\/site\/wp-json\/wp\/v2\/pages\/100"}],"wp:attachment":[{"href":"https:\/\/dci.upt.ro\/site\/wp-json\/wp\/v2\/media?parent=132"}],"curies":[{"name":"wp","href":"https:\/\/api.w.org\/{rel}","templated":true}]}}