{"id":127,"date":"2025-02-20T17:25:03","date_gmt":"2025-02-20T17:25:03","guid":{"rendered":"https:\/\/dci.upt.ro\/site\/?page_id=127"},"modified":"2025-02-26T16:19:25","modified_gmt":"2025-02-26T16:19:25","slug":"tipologii-candidati-admitere","status":"publish","type":"page","link":"https:\/\/dci.upt.ro\/site\/proces\/cercetare-ux-admitere-educatie-august-2024\/tipologii-candidati-admitere\/","title":{"rendered":"Tipologii de candida\u021bi la admitere (cercetare UX, august 2024)"},"content":{"rendered":"\n<div class=\"wp-block-group has-global-padding is-layout-constrained wp-block-group-is-layout-constrained\">\n<p class=\"has-accent-background-color has-background\">Acest articol face parte din seria dedicat\u0103 <a href=\"https:\/\/dci.upt.ro\/site\/proces\/cercetare-ux-admitere-educatie-august-2024\/\" data-type=\"page\" data-id=\"100\">cercet\u0103rii de UX pe procesul de admitere \u0219i oferta educa\u021bional\u0103 a UPT<\/a> din perspectiv\u0103 digital\u0103.<\/p>\n<\/div>\n\n\n\n<p>Cercetarea a relevat o serie de <em>personas<\/em> care reprezint\u0103 tipologii diverse de candida\u021bi la admiterea la UPT. Aceste personas sunt concepute ca un instrument pentru a lua decizii empatice de modelare a procesului de admitere din perspectiv\u0103 digital\u0103, f\u0103r\u0103 a \u00eencerca s\u0103 fie exhaustive.<\/p>\n\n\n\n<p>Colec\u021bia include 13 profile distincte care acoper\u0103 o gam\u0103 larg\u0103 de situa\u021bii \u0219i nevoi, cum ar fi Oana (pasionat\u0103 de arhitectur\u0103), Alex (gamer interesat de programare), Luca (student italian interesat de tehnologii verzi), Raluca (candidat\u0103 cu dizabilitate) sau Bogdan (baschetbalist). Fiecare profil include informa\u021bii despre background, motiva\u021bii, provoc\u0103ri \u0219i frustr\u0103ri \u00een rela\u021bie cu procesul de admitere.<\/p>\n\n\n\n<p>Aceste personas eviden\u021biaz\u0103 diverse provoc\u0103ri cu care se confrunt\u0103 candida\u021bii: navigarea pe un site universitar neoptimizat pentru smartphone, nevoia de informa\u021bii clare despre admitere \u0219i burse, \u00een\u021belegerea diferen\u021belor \u00eentre facult\u0103\u021bi, accesul la informa\u021bii \u00een limbi str\u0103ine sau nevoile specifice ale candida\u021bilor din grupuri vulnerabile. Tipologiile eviden\u021biaz\u0103 \u0219i diverse preferin\u021be tehnologice, niveluri de autonomie, surse de informare \u0219i factori de decizie care influen\u021beaz\u0103 alegerea de a studia la UPT.<\/p>\n\n\n\n<div class=\"wp-block-group is-layout-flex wp-block-group-is-layout-flex\">\n<div class=\"wp-block-buttons is-content-justification-left is-layout-flex wp-container-core-buttons-is-layout-fc4fd283 wp-block-buttons-is-layout-flex\">\n<div class=\"wp-block-button has-custom-width wp-block-button__width-100 is-style-fill\"><a class=\"wp-block-button__link wp-element-button\" href=\"https:\/\/uptro29158-my.sharepoint.com\/:b:\/g\/personal\/silviu_vert_upt_ro\/EZuVRpeYPKhDqKv01cWJgK0B7-y46p0h_TwRwSZsS2SLvA?e=KTkhpA\">DESCARC\u0102 TIPOLOGIILE DE CANDIDA\u021aI LA ADMITERE<\/a><\/div>\n<\/div>\n\n\n\n<p>(acces cu cont institu\u021bional UPT)<\/p>\n<\/div>\n\n\n\n<div class=\"wp-block-group has-global-padding is-layout-constrained wp-container-core-group-is-layout-7db9d80f wp-block-group-is-layout-constrained\" style=\"padding-right:0;padding-left:0\">\n<p class=\"has-accent-background-color has-background\">Feedback-ul este binevenit la <a href=\"mailto:website@upt.ro\">website@upt.ro<\/a>.<\/p>\n<\/div>\n","protected":false},"excerpt":{"rendered":"<p>Cercetarea a relevat o serie de personas care reprezint\u0103 tipologii diverse de candida\u021bi la admiterea la UPT. Aceste personas sunt concepute ca un instrument pentru a lua decizii empatice de modelare a procesului de admitere din perspectiv\u0103 digital\u0103, f\u0103r\u0103 a \u00eencerca s\u0103 fie exhaustive. Colec\u021bia include 13 profile distincte care acoper\u0103 o gam\u0103 larg\u0103 de [&hellip;]<\/p>\n","protected":false},"author":1,"featured_media":0,"parent":100,"menu_order":6,"comment_status":"closed","ping_status":"closed","template":"","meta":{"footnotes":""},"class_list":["post-127","page","type-page","status-publish","hentry"],"_links":{"self":[{"href":"https:\/\/dci.upt.ro\/site\/wp-json\/wp\/v2\/pages\/127","targetHints":{"allow":["GET"]}}],"collection":[{"href":"https:\/\/dci.upt.ro\/site\/wp-json\/wp\/v2\/pages"}],"about":[{"href":"https:\/\/dci.upt.ro\/site\/wp-json\/wp\/v2\/types\/page"}],"author":[{"embeddable":true,"href":"https:\/\/dci.upt.ro\/site\/wp-json\/wp\/v2\/users\/1"}],"replies":[{"embeddable":true,"href":"https:\/\/dci.upt.ro\/site\/wp-json\/wp\/v2\/comments?post=127"}],"version-history":[{"count":11,"href":"https:\/\/dci.upt.ro\/site\/wp-json\/wp\/v2\/pages\/127\/revisions"}],"predecessor-version":[{"id":325,"href":"https:\/\/dci.upt.ro\/site\/wp-json\/wp\/v2\/pages\/127\/revisions\/325"}],"up":[{"embeddable":true,"href":"https:\/\/dci.upt.ro\/site\/wp-json\/wp\/v2\/pages\/100"}],"wp:attachment":[{"href":"https:\/\/dci.upt.ro\/site\/wp-json\/wp\/v2\/media?parent=127"}],"curies":[{"name":"wp","href":"https:\/\/api.w.org\/{rel}","templated":true}]}}