{"id":100,"date":"2024-08-31T09:29:42","date_gmt":"2024-08-31T09:29:42","guid":{"rendered":"https:\/\/dci.upt.ro\/site\/?page_id=100"},"modified":"2025-02-26T17:24:05","modified_gmt":"2025-02-26T17:24:05","slug":"cercetare-ux-admitere-educatie-august-2024","status":"publish","type":"page","link":"https:\/\/dci.upt.ro\/site\/proces\/cercetare-ux-admitere-educatie-august-2024\/","title":{"rendered":"Cercetare UX pe procesul de admitere \u0219i oferta educa\u021bional\u0103 din UPT (august 2024)"},"content":{"rendered":"\n<div class=\"wp-block-group has-global-padding is-layout-constrained wp-block-group-is-layout-constrained\">\n<p class=\"has-accent-background-color has-background\">Acest articol con\u021bine trimiteri c\u0103tre toate componentele cercet\u0103rii de UX realizate \u00een vara lui 2024 pe procesul de admitere \u0219i oferta educa\u021bional\u0103 a UPT din perspectiv\u0103 digital\u0103.<\/p>\n<\/div>\n\n\n<ul style=\"line-height:1.7;\" class=\"wp-block-page-list\"><li class=\"wp-block-pages-list__item\"><a class=\"wp-block-pages-list__item__link\" href=\"https:\/\/dci.upt.ro\/site\/proces\/cercetare-ux-admitere-educatie-august-2024\/introducere-metodologie\/\">Introducere \u0219i metodologie (cercetare UX, august 2024)<\/a><\/li><li class=\"wp-block-pages-list__item\"><a class=\"wp-block-pages-list__item__link\" href=\"https:\/\/dci.upt.ro\/site\/proces\/cercetare-ux-admitere-educatie-august-2024\/rezultate-interviuri-chestionare\/\">Rezultatele interviurilor \u0219i chestionarelor (cercetare UX, august 2024)<\/a><\/li><li class=\"wp-block-pages-list__item\"><a class=\"wp-block-pages-list__item__link\" href=\"https:\/\/dci.upt.ro\/site\/proces\/cercetare-ux-admitere-educatie-august-2024\/analiza-regulament-admitere\/\">Analiza regulamentului de admitere (cercetare UX, august 2024)<\/a><\/li><li class=\"wp-block-pages-list__item\"><a class=\"wp-block-pages-list__item__link\" href=\"https:\/\/dci.upt.ro\/site\/proces\/cercetare-ux-admitere-educatie-august-2024\/analiza-ecosistem-digital-existent\/\">Analiza ecosistemului digital existent (cercetare UX, august 2024)<\/a><\/li><li class=\"wp-block-pages-list__item\"><a class=\"wp-block-pages-list__item__link\" href=\"https:\/\/dci.upt.ro\/site\/proces\/cercetare-ux-admitere-educatie-august-2024\/bune-practici-internationale-recomandari\/\">Bune practici interna\u021bionale \u0219i recomand\u0103ri pentru UPT (cercetare UX, august 2024)<\/a><\/li><li class=\"wp-block-pages-list__item\"><a class=\"wp-block-pages-list__item__link\" href=\"https:\/\/dci.upt.ro\/site\/proces\/cercetare-ux-admitere-educatie-august-2024\/tipologii-candidati-admitere\/\">Tipologii de candida\u021bi la admitere (cercetare UX, august 2024)<\/a><\/li><li class=\"wp-block-pages-list__item\"><a class=\"wp-block-pages-list__item__link\" href=\"https:\/\/dci.upt.ro\/site\/proces\/cercetare-ux-admitere-educatie-august-2024\/harta-provocari-nevoi-candidati-admitere\/\">Harta provoc\u0103rilor \u0219i nevoilor candida\u021bilor la admitere (cercetare UX, august 2024)<\/a><\/li><li class=\"wp-block-pages-list__item\"><a class=\"wp-block-pages-list__item__link\" href=\"https:\/\/dci.upt.ro\/site\/proces\/cercetare-ux-admitere-educatie-august-2024\/concluzii-recomandari-dezvoltare-site-nou\/\">Concluzii \u0219i recomand\u0103ri pentru dezvoltarea noului site UPT (cercetare UX, august 2024)<\/a><\/li><\/ul>","protected":false},"excerpt":{"rendered":"<p>Acest articol con\u021bine trimiteri c\u0103tre toate componentele cercet\u0103rii de UX realizate \u00een vara lui 2024 pe procesul de admitere \u0219i oferta educa\u021bional\u0103 a UPT din perspectiv\u0103 digital\u0103.<\/p>\n","protected":false},"author":1,"featured_media":0,"parent":184,"menu_order":4,"comment_status":"closed","ping_status":"closed","template":"","meta":{"footnotes":""},"class_list":["post-100","page","type-page","status-publish","hentry"],"_links":{"self":[{"href":"https:\/\/dci.upt.ro\/site\/wp-json\/wp\/v2\/pages\/100","targetHints":{"allow":["GET"]}}],"collection":[{"href":"https:\/\/dci.upt.ro\/site\/wp-json\/wp\/v2\/pages"}],"about":[{"href":"https:\/\/dci.upt.ro\/site\/wp-json\/wp\/v2\/types\/page"}],"author":[{"embeddable":true,"href":"https:\/\/dci.upt.ro\/site\/wp-json\/wp\/v2\/users\/1"}],"replies":[{"embeddable":true,"href":"https:\/\/dci.upt.ro\/site\/wp-json\/wp\/v2\/comments?post=100"}],"version-history":[{"count":17,"href":"https:\/\/dci.upt.ro\/site\/wp-json\/wp\/v2\/pages\/100\/revisions"}],"predecessor-version":[{"id":344,"href":"https:\/\/dci.upt.ro\/site\/wp-json\/wp\/v2\/pages\/100\/revisions\/344"}],"up":[{"embeddable":true,"href":"https:\/\/dci.upt.ro\/site\/wp-json\/wp\/v2\/pages\/184"}],"wp:attachment":[{"href":"https:\/\/dci.upt.ro\/site\/wp-json\/wp\/v2\/media?parent=100"}],"curies":[{"name":"wp","href":"https:\/\/api.w.org\/{rel}","templated":true}]}}